{"id":587,"date":"2026-04-21T14:46:08","date_gmt":"2026-04-21T14:46:08","guid":{"rendered":"https:\/\/hotelkristaldurres.com\/index.php\/triple-room-with-window\/"},"modified":"2026-04-21T15:53:02","modified_gmt":"2026-04-21T15:53:02","slug":"dhome-treshe-me-dritare","status":"publish","type":"page","link":"https:\/\/hotelkristaldurres.com\/index.php\/dhome-treshe-me-dritare\/?lang=sq","title":{"rendered":"DHOM\u00cb TRESHE ME DRITARE"},"content":{"rendered":"<div class=\"wpb-content-wrapper\"><p>[vc_row][vc_column width=&#8221;1\/2&#8243; css=&#8221;.vc_custom_1531228245186{background-color: #ffffff !important;}&#8221;][vc_custom_heading text=&#8221;DHOM\u00cb TRESHE ME DRITARE&#8221; font_container=&#8221;tag:h4|text_align:left&#8221; google_fonts=&#8221;font_family:Playfair%20Display%20SC%3Aregular%2Citalic%2C700%2C700italic%2C900%2C900italic|font_style:700%20bold%20regular%3A700%3Anormal&#8221; css=&#8221;.vc_custom_1776782962488{padding-left: 10px !important;}&#8221;][vc_column_text css=&#8221;.vc_custom_1776782957120{padding-right: 10px !important;padding-left: 10px !important;}&#8221;]Kjo dhom\u00eb treshe me aj\u00ebr t\u00eb kondicionuar p\u00ebrb\u00ebhet nga nj\u00eb televizor me ekran t\u00eb shesht\u00eb me kanale kabllore dhe nj\u00eb banjo private. Nj\u00ebsia ka 2 shtret\u00ebr.[\/vc_column_text][vc_row_inner css=&#8221;.vc_custom_1531228963770{margin-top: -5px !important;padding-left: 20px !important;}&#8221;][vc_column_inner width=&#8221;1\/2&#8243;]<div class=\"standard-arrow list-divider bullet-top\"><ul>\n<li>1 krevat dopio + tek<\/li>\n<li>Ballkon<\/li>\n<li>Pamje nga Deti<\/li>\n<li>Kondicioner<\/li>\n<\/ul>\n<div id=\"gtx-trans\" style=\"position: absolute; left: 97px; top: 11px;\">\n<div class=\"gtx-trans-icon\"><\/div>\n<\/div>\n<\/div>[\/vc_column_inner][vc_column_inner width=&#8221;1\/2&#8243;]<div class=\"standard-arrow list-divider bullet-top\"><ul>\n<li>TV<\/li>\n<li>Izolim Akustik<\/li>\n<li>Dollap<\/li>\n<li>Slippers<\/li>\n<\/ul>\n<\/div>[\/vc_column_inner][\/vc_row_inner][vc_btn title=&#8221;Rezervo Tani&#8221; style=&#8221;outline-custom&#8221; outline_custom_color=&#8221;#4FBAC0&#8243; outline_custom_hover_background=&#8221;#4FBAC0&#8243; css=&#8221;&#8221; link=&#8221;url:https%3A%2F%2Fkristal.reservation.expert%2F&#8221;][\/vc_column][vc_column width=&#8221;1\/2&#8243;][vc_single_image image=&#8221;573&#8243; img_size=&#8221;800X520&#8243; alignment=&#8221;center&#8221; onclick=&#8221;link_image&#8221; css=&#8221;&#8221; image_hovers=&#8221;false&#8221;][\/vc_column][\/vc_row][vc_row][vc_column][vc_empty_space][\/vc_column][\/vc_row][vc_row][vc_column][vc_media_grid style=&#8221;pagination&#8221; items_per_page=&#8221;4&#8243; element_width=&#8221;3&#8243; css=&#8221;&#8221; grid_id=&#8221;vc_gid:1776786752710-05451798-f031-2&#8243; include=&#8221;583,577,575,579,581&#8243;][\/vc_column][\/vc_row]<\/p>\n<\/div>","protected":false},"excerpt":{"rendered":"<p>[vc_row][vc_column width=&#8221;1\/2&#8243; css=&#8221;.vc_custom_1531228245186{background-color: #ffffff !important;}&#8221;][vc_custom_heading text=&#8221;DHOM\u00cb TRESHE ME DRITARE&#8221; font_container=&#8221;tag:h4|text_align:left&#8221; google_fonts=&#8221;font_family:Playfair%20Display%20SC%3Aregular%2Citalic%2C700%2C700italic%2C900%2C900italic|font_style:700%20bold%20regular%3A700%3Anormal&#8221; css=&#8221;.vc_custom_1776782962488{padding-left: 10px !important;}&#8221;][vc_column_text css=&#8221;.vc_custom_1776782957120{padding-right: 10px !important;padding-left: 10px !important;}&#8221;]Kjo dhom\u00eb treshe me aj\u00ebr t\u00eb kondicionuar p\u00ebrb\u00ebhet nga nj\u00eb televizor me ekran t\u00eb shesht\u00eb me kanale kabllore dhe nj\u00eb banjo private. Nj\u00ebsia ka 2 shtret\u00ebr.[\/vc_column_text][vc_row_inner css=&#8221;.vc_custom_1531228963770{margin-top: -5px !important;padding-left: 20px !important;}&#8221;][vc_column_inner width=&#8221;1\/2&#8243;][\/vc_column_inner][vc_column_inner width=&#8221;1\/2&#8243;][\/vc_column_inner][\/vc_row_inner][vc_btn title=&#8221;Rezervo Tani&#8221; style=&#8221;outline-custom&#8221; outline_custom_color=&#8221;#4FBAC0&#8243;&hellip;<\/p>\n","protected":false},"author":2,"featured_media":0,"parent":0,"menu_order":0,"comment_status":"closed","ping_status":"closed","template":"","meta":{"footnotes":""},"class_list":["post-587","page","type-page","status-publish","hentry","description-off"],"_links":{"self":[{"href":"https:\/\/hotelkristaldurres.com\/index.php\/wp-json\/wp\/v2\/pages\/587","targetHints":{"allow":["GET"]}}],"collection":[{"href":"https:\/\/hotelkristaldurres.com\/index.php\/wp-json\/wp\/v2\/pages"}],"about":[{"href":"https:\/\/hotelkristaldurres.com\/index.php\/wp-json\/wp\/v2\/types\/page"}],"author":[{"embeddable":true,"href":"https:\/\/hotelkristaldurres.com\/index.php\/wp-json\/wp\/v2\/users\/2"}],"replies":[{"embeddable":true,"href":"https:\/\/hotelkristaldurres.com\/index.php\/wp-json\/wp\/v2\/comments?post=587"}],"version-history":[{"count":4,"href":"https:\/\/hotelkristaldurres.com\/index.php\/wp-json\/wp\/v2\/pages\/587\/revisions"}],"predecessor-version":[{"id":639,"href":"https:\/\/hotelkristaldurres.com\/index.php\/wp-json\/wp\/v2\/pages\/587\/revisions\/639"}],"wp:attachment":[{"href":"https:\/\/hotelkristaldurres.com\/index.php\/wp-json\/wp\/v2\/media?parent=587"}],"curies":[{"name":"wp","href":"https:\/\/api.w.org\/{rel}","templated":true}]}}